{"id":2647,"date":"2018-11-04T11:00:48","date_gmt":"2018-11-04T15:00:48","guid":{"rendered":"https:\/\/petroleosdeamerica.com\/directorio_petrolero\/?post_type=product&#038;p=2647"},"modified":"2019-06-01T15:19:25","modified_gmt":"2019-06-01T19:19:25","slug":"pci-ingenieros-consultores-de-colombia","status":"publish","type":"product","link":"https:\/\/petroleosdeamerica.com\/directorio_petrolero\/empresas\/pci-ingenieros-consultores-de-colombia\/","title":{"rendered":"PCI Ingenieros Consultores de Colombia"},"content":{"rendered":"<!-- AddThis Advanced Settings generic via filter on the_content --><!-- AddThis Share Buttons generic via filter on the_content -->","protected":false},"excerpt":{"rendered":"<table style=\"border-collapse: collapse;\" border=\"0\">\n<tbody>\n<tr>\n<td style=\"width: 216px;\"><strong>Nombre de la Empresa:<\/strong><\/td>\n<td style=\"width: 472px;\">PCI Ingenieros Consultores de Colombia<\/td>\n<\/tr>\n<tr>\n<td style=\"width: 216px;\"><strong>ID tributaria:<\/strong><\/td>\n<td style=\"width: 472px;\"><\/td>\n<\/tr>\n<tr>\n<td style=\"width: 216px;\"><strong>Representante:<\/strong><\/td>\n<td style=\"width: 472px;\">Ennys Rafael Amaya<\/td>\n<\/tr>\n<tr>\n<td style=\"width: 216px;\"><strong>Direcci\u00f3n:<\/strong><\/td>\n<td style=\"width: 472px;\">Calle 118 No. 16-63. Oficina 301<\/td>\n<\/tr>\n<tr>\n<td style=\"width: 216px;\"><strong>Tel\u00e9fono:<\/strong><\/td>\n<td style=\"width: 472px;\">3123857698<\/td>\n<\/tr>\n<tr>\n<td style=\"width: 216px;\"><strong>P\u00e1gina Web:<\/strong><\/td>\n<td style=\"width: 472px;\"><a href=\"http:\/\/www.pciingenieros.com\" target=\"_blank\" rel=\"noopener noreferrer\">www.pciingenieros.com<\/a><\/td>\n<\/tr>\n<tr>\n<td style=\"width: 216px;\"><strong>Pa\u00eds:<\/strong><\/td>\n<td style=\"width: 472px;\">Colombia<\/td>\n<\/tr>\n<tr>\n<td style=\"width: 216px;\"><strong>Ciudad:<\/strong><\/td>\n<td style=\"width: 472px;\">Bogota<\/td>\n<\/tr>\n<tr>\n<td style=\"width: 216px;\"><strong>Actividad:<\/strong><\/td>\n<td style=\"width: 472px;\">Visualizaci\u00f3n de Proyectos, Ingenier\u00eda Conceptual, Ingenier\u00eda B\u00e1sica, Ingenier\u00eda de Detalle, Gerencia de Proyectos, Gerencia e Inspecci\u00f3n de Construcci\u00f3n, Aseguramiento y Control de Calidad de Proyectos, Estudios de Ingenier\u00eda, Apoyo a la Procura, Asignaci\u00f3n de Personal Profesional y T\u00e9cnico Especializado, Servicios de Gerencia y Apoyo en Paradas y Arranques de Plantas<\/td>\n<\/tr>\n<\/tbody>\n<\/table>\n<p><!-- AddThis Advanced Settings generic via filter on get_the_excerpt --><!-- AddThis Share Buttons generic via filter on get_the_excerpt --><\/p>\n","protected":false},"author":7,"featured_media":2648,"comment_status":"open","ping_status":"closed","template":"","meta":[],"_links":{"self":[{"href":"https:\/\/petroleosdeamerica.com\/directorio_petrolero\/wp-json\/wp\/v2\/product\/2647"}],"collection":[{"href":"https:\/\/petroleosdeamerica.com\/directorio_petrolero\/wp-json\/wp\/v2\/product"}],"about":[{"href":"https:\/\/petroleosdeamerica.com\/directorio_petrolero\/wp-json\/wp\/v2\/types\/product"}],"author":[{"embeddable":true,"href":"https:\/\/petroleosdeamerica.com\/directorio_petrolero\/wp-json\/wp\/v2\/users\/7"}],"replies":[{"embeddable":true,"href":"https:\/\/petroleosdeamerica.com\/directorio_petrolero\/wp-json\/wp\/v2\/comments?post=2647"}],"wp:featuredmedia":[{"embeddable":true,"href":"https:\/\/petroleosdeamerica.com\/directorio_petrolero\/wp-json\/wp\/v2\/media\/2648"}],"wp:attachment":[{"href":"https:\/\/petroleosdeamerica.com\/directorio_petrolero\/wp-json\/wp\/v2\/media?parent=2647"}],"curies":[{"name":"wp","href":"https:\/\/api.w.org\/{rel}","templated":true}]}}