{"id":2737,"date":"2019-05-22T01:44:54","date_gmt":"2019-05-22T05:44:54","guid":{"rendered":"https:\/\/petroleosdeamerica.com\/directorio_petrolero\/?post_type=product&#038;p=2737"},"modified":"2019-06-01T14:55:44","modified_gmt":"2019-06-01T18:55:44","slug":"printer-de-colombia","status":"publish","type":"product","link":"https:\/\/petroleosdeamerica.com\/directorio_petrolero\/empresas\/printer-de-colombia\/","title":{"rendered":"Printer de Colombia"},"content":{"rendered":"<!-- AddThis Advanced Settings generic via filter on the_content --><!-- AddThis Share Buttons generic via filter on the_content -->","protected":false},"excerpt":{"rendered":"<table style=\"border-collapse: collapse;\" border=\"0\">\n<tbody>\n<tr style=\"height: 24px;\">\n<td style=\"width: 152px; height: 24px;\"><strong>Empresa:<\/strong><\/td>\n<td style=\"width: 536px; height: 24px;\">Printer de Colombia<\/td>\n<\/tr>\n<tr style=\"height: 24px;\">\n<td style=\"width: 152px; height: 24px;\"><strong>ID tributaria:<\/strong><\/td>\n<td style=\"width: 536px; height: 24px;\">NIT: 9001006329<\/td>\n<\/tr>\n<tr style=\"height: 24px;\">\n<td style=\"width: 152px; height: 24px;\"><strong>Representante:<\/strong><\/td>\n<td style=\"width: 536px; height: 24px;\">Julian Alberto Llanos Santofimio<\/td>\n<\/tr>\n<tr style=\"height: 24px;\">\n<td style=\"width: 152px; height: 24px;\"><strong>Direcci\u00f3n:<\/strong><\/td>\n<td style=\"width: 536px; height: 24px;\">CRA 8A 49-53<\/td>\n<\/tr>\n<tr style=\"height: 24px;\">\n<td style=\"width: 152px; height: 24px;\"><strong>Tel\u00e9fono:<\/strong><\/td>\n<td style=\"width: 536px; height: 24px;\">3844088<\/td>\n<\/tr>\n<tr style=\"height: 24px;\">\n<td style=\"width: 152px; height: 24px;\"><strong>P\u00e1gina Web:<\/strong><\/td>\n<td style=\"width: 536px; height: 24px;\"><a href=\"https:\/\/www.printerdecolombia.com\" target=\"_blank\" rel=\"noopener noreferrer\">www.printerdecolombia.com<\/a><\/td>\n<\/tr>\n<tr style=\"height: 24px;\">\n<td style=\"width: 152px; height: 24px;\"><strong>Pa\u00eds:<\/strong><\/td>\n<td style=\"width: 536px; height: 24px;\">Colombia<\/td>\n<\/tr>\n<tr style=\"height: 24px;\">\n<td style=\"width: 152px; height: 24px;\"><strong>Ciudad:<\/strong><\/td>\n<td style=\"width: 536px; height: 24px;\">Cali<\/td>\n<\/tr>\n<tr style=\"height: 48px;\">\n<td style=\"width: 152px; height: 48px;\"><strong>Actividad:<\/strong><\/td>\n<td style=\"width: 536px; height: 48px;\">Suministros de Papeler\u00eda, Aseo, Cafeter\u00eda, Botiqu\u00edn y Tecnolog\u00eda. Venta de Equipos de Computaci\u00f3n y Asistencia T\u00e9cnica.<\/td>\n<\/tr>\n<\/tbody>\n<\/table>\n<p>&nbsp;<!-- AddThis Advanced Settings generic via filter on get_the_excerpt --><!-- AddThis Share Buttons generic via filter on get_the_excerpt --><\/p>\n","protected":false},"author":4,"featured_media":2738,"comment_status":"open","ping_status":"closed","template":"","meta":[],"_links":{"self":[{"href":"https:\/\/petroleosdeamerica.com\/directorio_petrolero\/wp-json\/wp\/v2\/product\/2737"}],"collection":[{"href":"https:\/\/petroleosdeamerica.com\/directorio_petrolero\/wp-json\/wp\/v2\/product"}],"about":[{"href":"https:\/\/petroleosdeamerica.com\/directorio_petrolero\/wp-json\/wp\/v2\/types\/product"}],"author":[{"embeddable":true,"href":"https:\/\/petroleosdeamerica.com\/directorio_petrolero\/wp-json\/wp\/v2\/users\/4"}],"replies":[{"embeddable":true,"href":"https:\/\/petroleosdeamerica.com\/directorio_petrolero\/wp-json\/wp\/v2\/comments?post=2737"}],"wp:featuredmedia":[{"embeddable":true,"href":"https:\/\/petroleosdeamerica.com\/directorio_petrolero\/wp-json\/wp\/v2\/media\/2738"}],"wp:attachment":[{"href":"https:\/\/petroleosdeamerica.com\/directorio_petrolero\/wp-json\/wp\/v2\/media?parent=2737"}],"curies":[{"name":"wp","href":"https:\/\/api.w.org\/{rel}","templated":true}]}}