{"id":2795,"date":"2020-05-27T13:41:00","date_gmt":"2020-05-27T17:41:00","guid":{"rendered":"https:\/\/petroleosdeamerica.com\/directorio_petrolero\/?post_type=product&#038;p=2795"},"modified":"2020-05-27T14:11:50","modified_gmt":"2020-05-27T18:11:50","slug":"engineering-design","status":"publish","type":"product","link":"https:\/\/petroleosdeamerica.com\/directorio_petrolero\/empresas\/engineering-design\/","title":{"rendered":"Engineering &#038; Design"},"content":{"rendered":"<!-- AddThis Advanced Settings generic via filter on the_content --><!-- AddThis Share Buttons generic via filter on the_content -->","protected":false},"excerpt":{"rendered":"<table style=\"border-collapse: collapse;\" border=\"0\">\n<tbody>\n<tr style=\"height: 24px;\">\n<td style=\"width: 153px; height: 24px;\"><strong>Empresa:<\/strong><\/td>\n<td style=\"width: 535px; height: 24px;\">Engineering &amp; Design<\/td>\n<\/tr>\n<tr style=\"height: 24px;\">\n<td style=\"width: 153px; height: 24px;\"><strong>ID tributaria:<\/strong><\/td>\n<td style=\"width: 535px; height: 24px;\"><\/td>\n<\/tr>\n<tr style=\"height: 24px;\">\n<td style=\"width: 153px; height: 24px;\"><strong>Representante:<\/strong><\/td>\n<td style=\"width: 535px; height: 24px;\">Leonidas Osorio Leon<\/td>\n<\/tr>\n<tr style=\"height: 24px;\">\n<td style=\"width: 153px; height: 24px;\"><strong>Direcci\u00f3n:<\/strong><\/td>\n<td style=\"width: 535px; height: 24px;\">Calle 25 #21-38 \/ Of. 8 \/ Sector Portal Del Berlin<\/td>\n<\/tr>\n<tr style=\"height: 24px;\">\n<td style=\"width: 153px; height: 24px;\"><strong>Tel\u00e9fono:<\/strong><\/td>\n<td style=\"width: 535px; height: 24px;\">(+57) 310 457 2967<\/td>\n<\/tr>\n<tr style=\"height: 24px;\">\n<td style=\"width: 153px; height: 24px;\"><strong>P\u00e1gina Web:<\/strong><\/td>\n<td style=\"width: 535px; height: 24px;\"><\/td>\n<\/tr>\n<tr style=\"height: 24px;\">\n<td style=\"width: 153px; height: 24px;\"><strong>Pa\u00eds:<\/strong><\/td>\n<td style=\"width: 535px; height: 24px;\">Colombia<\/td>\n<\/tr>\n<tr style=\"height: 24px;\">\n<td style=\"width: 153px; height: 24px;\"><strong>Ciudad:<\/strong><\/td>\n<td style=\"width: 535px; height: 24px;\">Armenia, Quindio<\/td>\n<\/tr>\n<tr style=\"height: 48px;\">\n<td style=\"width: 153px; height: 48px;\"><strong>Actividad:<\/strong><\/td>\n<td style=\"width: 535px; height: 48px; text-align: justify;\">Nuestra acumulaci\u00f3n de conocimiento en el comercio de productos b\u00e1sicos (Exportaci\u00f3n de petr\u00f3leo), combinada con nuestra amplia experiencia en el sector financiero mundial y la adquisici\u00f3n de excelentes relaciones con nuestros proveedores y compradores directos, brinda una experiencia de mercado muy valiosa para beneficiar todas las transacciones y garantizar su conclusi\u00f3n exitosa.<\/td>\n<\/tr>\n<\/tbody>\n<\/table>\n<p>&nbsp;<!-- AddThis Advanced Settings generic via filter on get_the_excerpt --><!-- AddThis Share Buttons generic via filter on get_the_excerpt --><\/p>\n","protected":false},"author":14,"featured_media":2796,"comment_status":"open","ping_status":"closed","template":"","meta":[],"_links":{"self":[{"href":"https:\/\/petroleosdeamerica.com\/directorio_petrolero\/wp-json\/wp\/v2\/product\/2795"}],"collection":[{"href":"https:\/\/petroleosdeamerica.com\/directorio_petrolero\/wp-json\/wp\/v2\/product"}],"about":[{"href":"https:\/\/petroleosdeamerica.com\/directorio_petrolero\/wp-json\/wp\/v2\/types\/product"}],"author":[{"embeddable":true,"href":"https:\/\/petroleosdeamerica.com\/directorio_petrolero\/wp-json\/wp\/v2\/users\/14"}],"replies":[{"embeddable":true,"href":"https:\/\/petroleosdeamerica.com\/directorio_petrolero\/wp-json\/wp\/v2\/comments?post=2795"}],"wp:featuredmedia":[{"embeddable":true,"href":"https:\/\/petroleosdeamerica.com\/directorio_petrolero\/wp-json\/wp\/v2\/media\/2796"}],"wp:attachment":[{"href":"https:\/\/petroleosdeamerica.com\/directorio_petrolero\/wp-json\/wp\/v2\/media?parent=2795"}],"curies":[{"name":"wp","href":"https:\/\/api.w.org\/{rel}","templated":true}]}}