{"id":4063,"date":"2025-09-24T15:01:36","date_gmt":"2025-09-24T19:01:36","guid":{"rendered":"https:\/\/petroleosdeamerica.com\/directorio_petrolero\/?post_type=product&#038;p=4063"},"modified":"2025-09-24T16:12:56","modified_gmt":"2025-09-24T20:12:56","slug":"ingenieria-inspeccion-analisis-integridad-estructural","status":"publish","type":"product","link":"https:\/\/petroleosdeamerica.com\/directorio_petrolero\/empresas\/ingenieria-inspeccion-analisis-integridad-estructural\/","title":{"rendered":"Ingenier\u00eda de Inspecci\u00f3n y An\u00e1lisis de Integridad Estructural, C.A (INTEST, C.A)"},"content":{"rendered":"<!-- AddThis Advanced Settings generic via filter on the_content --><!-- AddThis Share Buttons generic via filter on the_content -->","protected":false},"excerpt":{"rendered":"<p>[table id=170 \/]<!-- AddThis Advanced Settings generic via filter on get_the_excerpt --><!-- AddThis Share Buttons generic via filter on get_the_excerpt --><\/p>\n","protected":false},"author":81,"featured_media":4070,"comment_status":"open","ping_status":"closed","template":"","meta":[],"_links":{"self":[{"href":"https:\/\/petroleosdeamerica.com\/directorio_petrolero\/wp-json\/wp\/v2\/product\/4063"}],"collection":[{"href":"https:\/\/petroleosdeamerica.com\/directorio_petrolero\/wp-json\/wp\/v2\/product"}],"about":[{"href":"https:\/\/petroleosdeamerica.com\/directorio_petrolero\/wp-json\/wp\/v2\/types\/product"}],"author":[{"embeddable":true,"href":"https:\/\/petroleosdeamerica.com\/directorio_petrolero\/wp-json\/wp\/v2\/users\/81"}],"replies":[{"embeddable":true,"href":"https:\/\/petroleosdeamerica.com\/directorio_petrolero\/wp-json\/wp\/v2\/comments?post=4063"}],"wp:featuredmedia":[{"embeddable":true,"href":"https:\/\/petroleosdeamerica.com\/directorio_petrolero\/wp-json\/wp\/v2\/media\/4070"}],"wp:attachment":[{"href":"https:\/\/petroleosdeamerica.com\/directorio_petrolero\/wp-json\/wp\/v2\/media?parent=4063"}],"curies":[{"name":"wp","href":"https:\/\/api.w.org\/{rel}","templated":true}]}}